{"id":2290,"date":"2025-04-18T00:33:00","date_gmt":"2025-04-18T04:33:00","guid":{"rendered":"https:\/\/aietgb.com\/soutien-academique-et-technique\/"},"modified":"2026-01-10T15:26:27","modified_gmt":"2026-01-10T19:26:27","slug":"soutien-academique-et-technique","status":"publish","type":"page","link":"https:\/\/aietgb.com\/fr\/soutien-academique-et-technique\/","title":{"rendered":"Soutien acad\u00e9mique et technique"},"content":{"rendered":"<div class=\"wpb-content-wrapper\"><p>[vc_row woodmart_css_id=\u00a0\u00bb6955a37ba2222&Prime; responsive_spacing=\u00a0\u00bbeyJwYXJhbV90eXBlIjoid29vZG1hcnRfcmVzcG9uc2l2ZV9zcGFjaW5nIiwic2VsZWN0b3JfaWQiOiI2OTU1YTM3YmEyMjIyIiwic2hvcnRjb2RlIjoidmNfcm93IiwiZGF0YSI6eyJ0YWJsZXQiOnt9LCJtb2JpbGUiOnt9fX0=\u00a0\u00bb mobile_bg_img_hidden=\u00a0\u00bbno\u00a0\u00bb tablet_bg_img_hidden=\u00a0\u00bbno\u00a0\u00bb woodmart_parallax=\u00a0\u00bb0&Prime; woodmart_gradient_switch=\u00a0\u00bbno\u00a0\u00bb woodmart_box_shadow=\u00a0\u00bbno\u00a0\u00bb wd_z_index=\u00a0\u00bbno\u00a0\u00bb woodmart_disable_overflow=\u00a0\u00bb0&Prime; row_reverse_mobile=\u00a0\u00bb0&Prime; row_reverse_tablet=\u00a0\u00bb0&Prime;][vc_column woodmart_css_id=\u00a0\u00bb6955b5e86e109&Prime; parallax_scroll=\u00a0\u00bbno\u00a0\u00bb woodmart_sticky_column=\u00a0\u00bbfalse\u00a0\u00bb wd_collapsible_content_switcher=\u00a0\u00bbno\u00a0\u00bb wd_column_role_offcanvas_desktop=\u00a0\u00bbno\u00a0\u00bb wd_column_role_offcanvas_tablet=\u00a0\u00bbno\u00a0\u00bb wd_column_role_offcanvas_mobile=\u00a0\u00bbno\u00a0\u00bb wd_column_role_content_desktop=\u00a0\u00bbno\u00a0\u00bb wd_column_role_content_tablet=\u00a0\u00bbno\u00a0\u00bb wd_column_role_content_mobile=\u00a0\u00bbno\u00a0\u00bb mobile_bg_img_hidden=\u00a0\u00bbno\u00a0\u00bb tablet_bg_img_hidden=\u00a0\u00bbno\u00a0\u00bb woodmart_parallax=\u00a0\u00bb0&Prime; woodmart_box_shadow=\u00a0\u00bbno\u00a0\u00bb responsive_spacing=\u00a0\u00bbeyJwYXJhbV90eXBlIjoid29vZG1hcnRfcmVzcG9uc2l2ZV9zcGFjaW5nIiwic2VsZWN0b3JfaWQiOiI2OTU1YjVlODZlMTA5Iiwic2hvcnRjb2RlIjoidmNfY29sdW1uIiwiZGF0YSI6eyJ0YWJsZXQiOnt9LCJtb2JpbGUiOnt9fX0=\u00a0\u00bb mobile_reset_margin=\u00a0\u00bbno\u00a0\u00bb tablet_reset_margin=\u00a0\u00bbno\u00a0\u00bb wd_z_index=\u00a0\u00bbno\u00a0\u00bb css=\u00a0\u00bb.vc_custom_1767224821480{margin-top: 20px !important;}\u00a0\u00bb]\n\t\t<div id=\"wd-69588a4e59d9f\" class=\"title-wrapper wd-wpb wd-set-mb reset-last-child  wd-rs-69588a4e59d9f wd-title-color-default wd-title-style-underlined-2 text-center vc_custom_1767410307264 wd-underline-colored\">\n\t\t\t\t\t\t\t\n\t\t\t\t<div class=\"title-subtitle  subtitle-color-default font-default subtitle-style-default wd-font-weight-600 wd-fontsize-xs\">SERVICES DE SOUTIEN ACAD\u00c9MIQUE ET TECHNIQUE<\/div>\n\t\t\t\n\t\t\t<div class=\"liner-continer\">\n\t\t\t\t<h4 class=\"woodmart-title-container title  wd-font-weight-600 wd-fontsize-l\" ><span class=\"ez-toc-section\" id=\"DECOUVREZ_NOTRE_GAMME_DIVERSIFIEE_DE_SOLUTIONS_EXPERTES\"><\/span>D\u00c9COUVREZ NOTRE GAMME DIVERSIFI\u00c9E DE SOLUTIONS EXPERTES<span class=\"ez-toc-section-end\"><\/span><\/h4>\n\t\t\t\t\t\t\t<\/div>\n\t\t\t\n\t\t\t\n\t\t\t\n\t\t<\/div>\n\t\t\n\t\t[vc_column_text css=\u00a0\u00bb\u00a0\u00bb woodmart_inline=\u00a0\u00bbno\u00a0\u00bb text_larger=\u00a0\u00bbno\u00a0\u00bb]<\/p>\n<h3 style=\"text-align: left;\" data-rm-block-id=\"block-2\"><span class=\"ez-toc-section\" id=\"Notre_soutien_specialise_aide_les_chercheurs_les_etudiants_et_les_professionnels_a_produire_pour_chaque_projet_des_documents_de_haute_qualite_sans_plagiat_et_prets_a_etre_soumis\"><\/span>Notre <b data-path-to-node=\"8,1,0\" data-index-in-node=\"37\">soutien <\/b>sp\u00e9cialis\u00e9 aide les chercheurs, les \u00e9tudiants et les professionnels \u00e0 produire, pour chaque projet, des documents de haute qualit\u00e9, sans plagiat et pr\u00eats \u00e0 \u00eatre soumis.<span class=\"ez-toc-section-end\"><\/span><\/h3>\n<p data-pm-slice=\"1 1 [\">Chez AI&amp;GB Consulting, nous sommes sp\u00e9cialis\u00e9s dans la prestation d&rsquo;un soutien acad\u00e9mique et technique m\u00e9ticuleux qui donne aux \u00e9tudiants, chercheurs et professionnels les moyens de r\u00e9ussir. Notre \u00e9quipe d\u00e9di\u00e9e fournit des documents de haute qualit\u00e9, exempts de plagiat et pr\u00eats \u00e0 \u00eatre soumis, quel que soit le projet.<\/p>\n<p style=\"text-align: left;\">Nos services de relecture garantissent que vos m\u00e9moires, th\u00e8ses et manuscrits de revues respectent les normes les plus strictes, telles que celles pr\u00e9sent\u00e9es <strong><a style=\"color: #ffa500 !important; text-decoration: underline !important;\" href=\"https:\/\/www.fun-mooc.fr\/fr\/cours\/rediger-et-publier-un-article-scientifique\/\" target=\"_blank\" rel=\"noopener noreferrer\">ici<\/a><\/strong>.<\/p>\n<p style=\"text-align: left;\">Nous r\u00e9visons m\u00e9ticuleusement votre travail pour en v\u00e9rifier la grammaire, la structure et la coh\u00e9rence, garantissant un document final pr\u00eat \u00e0 la publication. Nous proposons \u00e9galement des services de traduction assurant une communication pr\u00e9cise et culturellement adapt\u00e9e pour les documents acad\u00e9miques et commerciaux.<\/p>\n<p style=\"text-align: left;\">Pour les projets ax\u00e9s sur les donn\u00e9es, nos services d&rsquo;analyse de donn\u00e9es s&rsquo;\u00e9tendent de l&rsquo;analyse standard et la <strong><a style=\"color: #ffa500 !important; text-decoration: underline !important;\" href=\"https:\/\/aietgb.com\/fr\/eviter-les-erreurs-courantes-de-visualisation-des-donnees\/\">visualisation<\/a><\/strong> \u00e0 la conception de tableaux de bord interactifs et \u00e0 l&rsquo;analyse pr\u00e9dictive.<\/p>\n<p style=\"text-align: left;\">Nous transformons des donn\u00e9es complexes en informations exploitables, vous aidant ainsi \u00e0 atteindre vos objectifs de recherche ou commerciaux.<\/p>\n<p>[\/vc_column_text][vc_single_image image=\u00a0\u00bb3264&Prime; img_size=\u00a0\u00bbFULL\u00a0\u00bb alignment=\u00a0\u00bbcenter\u00a0\u00bb css=\u00a0\u00bb\u00a0\u00bb parallax_scroll=\u00a0\u00bbno\u00a0\u00bb woodmart_inline=\u00a0\u00bbno\u00a0\u00bb][vc_row_inner][vc_column_inner][vc_custom_heading text=\u00a0\u00bbNOS DIVISIONS DE SERVICES SP\u00c9CIALIS\u00c9S\u00a0\u00bb font_container=\u00a0\u00bbtag:h2|font_size:40px|text_align:left|color:%23005FA2|line_height:50px\u00a0\u00bb google_fonts=\u00a0\u00bbfont_family:Montserrat%3Aregular%2C700|font_style:700%20bold%20regular%3A700%3Anormal\u00a0\u00bb css=\u00a0\u00bb\u00a0\u00bb][vc_column_text css=\u00a0\u00bb\u00a0\u00bb woodmart_inline=\u00a0\u00bbno\u00a0\u00bb text_larger=\u00a0\u00bbno\u00a0\u00bb]<\/p>\n<p data-path-to-node=\"5\"><strong>AI&amp;GB Consulting <\/strong>structure son expertise en divisions de services d\u00e9di\u00e9es pour garantir aux clients une prise en charge hautement sp\u00e9cialis\u00e9e, quelle que soit la complexit\u00e9 de leur projet acad\u00e9mique ou professionnel.<\/p>\n<p data-path-to-node=\"5\">Que vous ayez besoin d&rsquo;un affinement rigoureux de documents, d&rsquo;une validation de donn\u00e9es empiriques ou d&rsquo;une communication interculturelle, notre \u00e9quipe est \u00e9quip\u00e9e d&rsquo;outils avanc\u00e9s et de consultants hautement sp\u00e9cialis\u00e9s pour r\u00e9pondre aux normes mondiales les plus \u00e9lev\u00e9es.<\/p>\n<p data-path-to-node=\"6\">Le succ\u00e8s de votre recherche, de votre soumission ou de votre documentation d\u00e9pend d&rsquo;une ex\u00e9cution rigoureuse et d&rsquo;une connaissance approfondie du sujet.<\/p>\n<p data-path-to-node=\"6\">Notre engagement envers les <b>services de soutien technique et acad\u00e9mique<\/b> implique un processus de r\u00e9vision en plusieurs \u00e9tapes qui se concentre non seulement sur l&rsquo;int\u00e9grit\u00e9 grammaticale et structurelle, mais aussi sur la coh\u00e9rence logique et l&rsquo;exactitude m\u00e9thodologique du contenu.<\/p>\n<p>[\/vc_column_text][\/vc_column_inner][\/vc_row_inner][vc_single_image image=\u00a0\u00bb3360&Prime; img_size=\u00a0\u00bbfull\u00a0\u00bb alignment=\u00a0\u00bbcenter\u00a0\u00bb style=\u00a0\u00bbvc_box_rounded\u00a0\u00bb css=\u00a0\u00bb\u00a0\u00bb parallax_scroll=\u00a0\u00bbno\u00a0\u00bb woodmart_inline=\u00a0\u00bbno\u00a0\u00bb][vc_column_text css=\u00a0\u00bb\u00a0\u00bb woodmart_inline=\u00a0\u00bbno\u00a0\u00bb text_larger=\u00a0\u00bbno\u00a0\u00bb]<\/p>\n<p data-path-to-node=\"6\">Nous veillons \u00e0 ce que chaque <strong>manuscrit, th\u00e8se ou rapport technique<\/strong> soit soign\u00e9, sans plagiat et pr\u00eat \u00e0 \u00eatre soumis. De plus, naviguer dans la complexit\u00e9 des grands ensembles de donn\u00e9es n\u00e9cessite non seulement des comp\u00e9tences techniques, mais aussi une vision strat\u00e9gique.<\/p>\n<p data-path-to-node=\"6\">Nous fournissons des <strong>rapports d&rsquo;analyse de donn\u00e9es complets <\/strong>et des <strong>tableaux de bord interactifs<\/strong> qui traduisent les informations brutes en strat\u00e9gies commerciales claires et exploitables. Nous traitons divers formats de donn\u00e9es et respectons des protocoles de confidentialit\u00e9 stricts.<\/p>\n<p data-path-to-node=\"8\">Enfin, dans le paysage mondial interconnect\u00e9 d&rsquo;aujourd&rsquo;hui, une communication pr\u00e9cise n&rsquo;est pas n\u00e9gociable. Nos <strong>traducteurs dont la langue cible est la langue maternelle<\/strong> fournissent des traductions exactes et culturellement sensibles qui conservent la fid\u00e9lit\u00e9 technique pr\u00e9cise du document source.<\/p>\n<p data-path-to-node=\"8\">Nous g\u00e9rons des projets dans divers secteurs, notamment l&rsquo;<strong>ing\u00e9nierie, le droit et le monde universitaire<\/strong>, en assurant une communication fluide et percutante au-del\u00e0 des fronti\u00e8res.<\/p>\n<h4 data-path-to-node=\"9\"><span class=\"ez-toc-section\" id=\"Explorez_nos_divisions_de_services_specialisees_ci-dessous_pour_trouver_lexpertise_specifique_que_votre_projet_necessite\"><\/span><b>Explorez nos divisions de services sp\u00e9cialis\u00e9es ci-dessous pour trouver l&rsquo;expertise sp\u00e9cifique que votre projet n\u00e9cessite.<\/b><span class=\"ez-toc-section-end\"><\/span><\/h4>\n<p>[\/vc_column_text][\/vc_column][\/vc_row][vc_row woodmart_css_id=\u00a0\u00bb6955ba1fbc7d5&Prime; responsive_spacing=\u00a0\u00bbeyJwYXJhbV90eXBlIjoid29vZG1hcnRfcmVzcG9uc2l2ZV9zcGFjaW5nIiwic2VsZWN0b3JfaWQiOiI2OTU1YmExZmJjN2Q1Iiwic2hvcnRjb2RlIjoidmNfcm93IiwiZGF0YSI6eyJ0YWJsZXQiOnt9LCJtb2JpbGUiOnt9fX0=\u00a0\u00bb mobile_bg_img_hidden=\u00a0\u00bbno\u00a0\u00bb tablet_bg_img_hidden=\u00a0\u00bbno\u00a0\u00bb woodmart_parallax=\u00a0\u00bb0&Prime; woodmart_gradient_switch=\u00a0\u00bbno\u00a0\u00bb woodmart_box_shadow=\u00a0\u00bbno\u00a0\u00bb wd_z_index=\u00a0\u00bbno\u00a0\u00bb woodmart_disable_overflow=\u00a0\u00bb0&Prime; row_reverse_mobile=\u00a0\u00bb0&Prime; row_reverse_tablet=\u00a0\u00bb0&Prime;][vc_column width=\u00a0\u00bb1\/3&Prime;]<div id=\"wd-6955b9bc2eca5\" class=\" wd-rs-6955b9bc2eca5 vc_custom_1767225803924 wd-button-wrapper text-left\"><a href=\"https:\/\/aietgb.com\/fr\/relecture-experte\/\" title=\"Proofreading\" class=\"btn btn-color-primary btn-style-default btn-shape-semi-round btn-size-default btn-full-width about-btn btn-icon-pos-left\">RELECTURE EXPERTE<span class=\"wd-btn-icon\"><span class=\"wd-icon fa fa-solid fa-book-open\"><\/span><\/span><\/a><\/div>[\/vc_column][vc_column width=\u00a0\u00bb1\/3&Prime;]<div id=\"wd-6955b9ce0ab54\" class=\" wd-rs-6955b9ce0ab54 vc_custom_1767225815025 wd-button-wrapper text-left\"><a href=\"https:\/\/aietgb.com\/fr\/analyse-des-donnees-specialisee\/\" title=\"Data Analysis\" class=\"btn btn-color-primary btn-style-default btn-shape-semi-round btn-size-default btn-full-width about-btn btn-icon-pos-right\">Analyse de donn\u00e9es sp\u00e9cialis\u00e9es<span class=\"wd-btn-icon\"><img decoding=\"async\" width=\"60\" height=\"58\" src=\"https:\/\/aietgb.com\/wp-content\/uploads\/2025\/03\/down-arrows-15-copy-2.png\" class=\"attachment-full size-full\" alt=\"An arrow icon symbolizing forward movement and direction, representing AI&amp;GB&#039;s expert technical and academic consulting services that help clients advance their projects.\" title=\"\"><\/span><\/a><\/div>[\/vc_column][vc_column width=\u00a0\u00bb1\/3&Prime;]<div id=\"wd-6955b9d84ec38\" class=\" wd-rs-6955b9d84ec38 vc_custom_1767225825457 wd-button-wrapper text-left\"><a href=\"https:\/\/aietgb.com\/fr\/traduction-professionnelle\/\" title=\"Translation\" class=\"btn btn-color-primary btn-style-default btn-shape-semi-round btn-size-default btn-full-width about-btn btn-icon-pos-right\">Traduction professionnelle<span class=\"wd-btn-icon\"><img decoding=\"async\" width=\"60\" height=\"58\" src=\"https:\/\/aietgb.com\/wp-content\/uploads\/2025\/03\/down-arrows-15-copy-2.png\" class=\"attachment-full size-full\" alt=\"An arrow icon symbolizing forward movement and direction, representing AI&amp;GB&#039;s expert technical and academic consulting services that help clients advance their projects.\" title=\"\"><\/span><\/a><\/div>[\/vc_column][\/vc_row][vc_column width=\u00a0\u00bb1\/3&Prime;][\/vc_column][vc_row gap=\u00a0\u00bb5&Prime; woodmart_css_id=\u00a0\u00bb6955b4d9a80d5&Prime; responsive_spacing=\u00a0\u00bbeyJwYXJhbV90eXBlIjoid29vZG1hcnRfcmVzcG9uc2l2ZV9zcGFjaW5nIiwic2VsZWN0b3JfaWQiOiI2OTU1YjRkOWE4MGQ1Iiwic2hvcnRjb2RlIjoidmNfcm93IiwiZGF0YSI6eyJ0YWJsZXQiOnt9LCJtb2JpbGUiOnt9fX0=\u00a0\u00bb mobile_bg_img_hidden=\u00a0\u00bbno\u00a0\u00bb tablet_bg_img_hidden=\u00a0\u00bbno\u00a0\u00bb woodmart_parallax=\u00a0\u00bb0&Prime; woodmart_gradient_switch=\u00a0\u00bbno\u00a0\u00bb woodmart_box_shadow=\u00a0\u00bbno\u00a0\u00bb wd_z_index=\u00a0\u00bbno\u00a0\u00bb woodmart_disable_overflow=\u00a0\u00bb0&Prime; row_reverse_mobile=\u00a0\u00bb0&Prime; row_reverse_tablet=\u00a0\u00bb0&Prime;][vc_column css=\u00a0\u00bb.vc_custom_1767259393728{border-top-width: 20px !important;border-bottom-width: 30px !important;}\u00a0\u00bb woodmart_css_id=\u00a0\u00bb69563ce280660&Prime; parallax_scroll=\u00a0\u00bbno\u00a0\u00bb woodmart_sticky_column=\u00a0\u00bbfalse\u00a0\u00bb wd_collapsible_content_switcher=\u00a0\u00bbno\u00a0\u00bb wd_column_role_offcanvas_desktop=\u00a0\u00bbno\u00a0\u00bb wd_column_role_offcanvas_tablet=\u00a0\u00bbno\u00a0\u00bb wd_column_role_offcanvas_mobile=\u00a0\u00bbno\u00a0\u00bb wd_column_role_content_desktop=\u00a0\u00bbno\u00a0\u00bb wd_column_role_content_tablet=\u00a0\u00bbno\u00a0\u00bb wd_column_role_content_mobile=\u00a0\u00bbno\u00a0\u00bb mobile_bg_img_hidden=\u00a0\u00bbno\u00a0\u00bb tablet_bg_img_hidden=\u00a0\u00bbno\u00a0\u00bb woodmart_parallax=\u00a0\u00bb0&Prime; woodmart_box_shadow=\u00a0\u00bbno\u00a0\u00bb responsive_spacing=\u00a0\u00bbeyJwYXJhbV90eXBlIjoid29vZG1hcnRfcmVzcG9uc2l2ZV9zcGFjaW5nIiwic2VsZWN0b3JfaWQiOiI2OTU2M2NlMjgwNjYwIiwic2hvcnRjb2RlIjoidmNfY29sdW1uIiwiZGF0YSI6eyJ0YWJsZXQiOnt9LCJtb2JpbGUiOnt9fX0=\u00a0\u00bb mobile_reset_margin=\u00a0\u00bbno\u00a0\u00bb tablet_reset_margin=\u00a0\u00bbno\u00a0\u00bb wd_z_index=\u00a0\u00bbno\u00a0\u00bb][vc_custom_heading text=\u00a0\u00bbNotre engagement envers la qualit\u00e9\u00a0\u00bb font_container=\u00a0\u00bbtag:h2|font_size:40px|text_align:left|color:%23005FA2|line_height:50px\u00a0\u00bb google_fonts=\u00a0\u00bbfont_family:Montserrat%3Aregular%2C700|font_style:700%20bold%20regular%3A700%3Anormal\u00a0\u00bb css=\u00a0\u00bb\u00a0\u00bb][vc_column_text css=\u00a0\u00bb\u00a0\u00bb woodmart_inline=\u00a0\u00bbno\u00a0\u00bb text_larger=\u00a0\u00bbno\u00a0\u00bb]Chez AI&amp;GB Consulting, notre mission est de fournir une assistance de haut calibre qui va au-del\u00e0 de la simple relecture.<\/p>\n<p>Que vous soyez un doctorant cherchant \u00e0 affiner sa th\u00e8se ou une \u00e9quipe d\u2019entreprise finalisant un rapport d\u2019ing\u00e9nierie, nos solutions de conseil sp\u00e9cialis\u00e9es sont con\u00e7ues pour r\u00e9pondre aux normes industrielles les plus strictes.<\/p>\n<p>Nous accordons la priorit\u00e9 \u00e0 une attention m\u00e9ticuleuse aux d\u00e9tails, garantissant que chaque projet que nous traitons refl\u00e8te la rigueur professionnelle et l\u2019excellence acad\u00e9mique que nos clients attendent.[\/vc_column_text][\/vc_column][\/vc_row][vc_row][vc_column][vc_custom_heading text=\u00a0\u00bbFoire Aux Questions (FAQ)\u00a0\u00bb font_container=\u00a0\u00bbtag:h2|font_size:40px|text_align:left|color:%23005FA2|line_height:50px\u00a0\u00bb google_fonts=\u00a0\u00bbfont_family:Montserrat%3Aregular%2C700|font_style:700%20bold%20regular%3A700%3Anormal\u00a0\u00bb css=\u00a0\u00bb\u00a0\u00bb][vc_toggle title=\u00a0\u00bbQuestion : Quels types de documents relisez-vous ?\u00a0\u00bb color=\u00a0\u00bbpurple\u00a0\u00bb custom_font_container=\u00a0\u00bbtag:h2|font_size:20px|text_align:left|color:%23006F35|line_height:30px\u00a0\u00bb custom_use_theme_fonts=\u00a0\u00bbyes\u00a0\u00bb css=\u00a0\u00bb\u00a0\u00bb use_custom_heading=\u00a0\u00bbtrue\u00a0\u00bb]<b data-path-to-node=\"3,1,1,0,1,0,0\" data-index-in-node=\"0\">R\u00e9ponse : <\/b>Nous sommes sp\u00e9cialis\u00e9s dans la relecture m\u00e9ticuleuse de documents acad\u00e9miques et commerciaux \u00e0 forts enjeux, y compris les th\u00e8ses, m\u00e9moires, manuscrits de revues, brevets et manuels techniques.[\/vc_toggle][vc_toggle title=\u00a0\u00bbQuestion : Quels types de services d&rsquo;analyse de donn\u00e9es fournissez-vous ?\u00a0\u00bb color=\u00a0\u00bbpurple\u00a0\u00bb custom_font_container=\u00a0\u00bbtag:h2|font_size:20px|text_align:left|color:%23006F35|line_height:30px\u00a0\u00bb custom_use_theme_fonts=\u00a0\u00bbyes\u00a0\u00bb css=\u00a0\u00bb\u00a0\u00bb use_custom_heading=\u00a0\u00bbtrue\u00a0\u00bb]<b data-path-to-node=\"3,1,1,1,1,0,0\" data-index-in-node=\"0\">R\u00e9ponse : <\/b>Nous proposons des statistiques descriptives, des visualisations de donn\u00e9es (graphiques, diagrammes, tableaux de bord) et des analyses pr\u00e9dictives adapt\u00e9es \u00e0 vos objectifs de recherche ou commerciaux.[\/vc_toggle][vc_toggle title=\u00a0\u00bbQuestion : Pour quelles langues offrez-vous des services de traduction ?\u00a0\u00bb color=\u00a0\u00bbpurple\u00a0\u00bb custom_font_container=\u00a0\u00bbtag:h2|font_size:20px|text_align:left|color:%23006F35|line_height:30px\u00a0\u00bb custom_use_theme_fonts=\u00a0\u00bbyes\u00a0\u00bb css=\u00a0\u00bb\u00a0\u00bb use_custom_heading=\u00a0\u00bbtrue\u00a0\u00bb]<b data-path-to-node=\"3,1,1,2,1,0,0\" data-index-in-node=\"0\">R\u00e9ponse : <\/b>Nous nous sp\u00e9cialisons actuellement dans les services de soutien \u00e0 la traduction en anglais et en fran\u00e7ais, avec des projets d&rsquo;expansion vers d&rsquo;autres langues \u00e0 l&rsquo;avenir.[\/vc_toggle][vc_toggle title=\u00a0\u00bbQuels moyens de paiement acceptez-vous ?\u00a0\u00bb color=\u00a0\u00bbpurple\u00a0\u00bb custom_font_container=\u00a0\u00bbtag:h2|font_size:20px|text_align:left|color:%23006F35|line_height:30px\u00a0\u00bb custom_use_theme_fonts=\u00a0\u00bbyes\u00a0\u00bb css=\u00a0\u00bb\u00a0\u00bb use_custom_heading=\u00a0\u00bbtrue\u00a0\u00bb]<b data-path-to-node=\"3,1,1,3,1,0,0\" data-index-in-node=\"0\">R\u00e9ponse : P<\/b>our tous nos services de soutien, nous proposons des paiements en ligne s\u00e9curis\u00e9s via des fournisseurs r\u00e9put\u00e9s tels que<a style=\"color: #ffa500 !important; text-decoration: underline !important;\" href=\"https:\/\/stripe.com\/fr-ca\" target=\"_blank\" rel=\"noopener\"> Stripe<\/a> et <a style=\"color: #ffa500 !important; text-decoration: underline !important;\" href=\"https:\/\/www.paypal.com\/fr\/home\" target=\"_blank\" rel=\"noopener\">PayPal<\/a> (principales cartes de cr\u00e9dit). Si vous avez des questions sur les tarifs, les d\u00e9lais, ou si vous avez besoin d&rsquo;un devis personnalis\u00e9 avant la soumission, veuillez nous joindre via notre <a style=\"color: #ffa500 !important; text-decoration: underline !important;\" href=\"https:\/\/aietgb.com\/fr\/contactez-nous\/\" target=\"_blank\" rel=\"noopener\"><b data-path-to-node=\"3,1,1,3,1,0,0\" data-index-in-node=\"0\">page Contact<\/b><\/a>.[\/vc_toggle][vc_column_text css=\u00a0\u00bb\u00a0\u00bb woodmart_inline=\u00a0\u00bbno\u00a0\u00bb text_larger=\u00a0\u00bbno\u00a0\u00bb]Vous avez d&rsquo;autres questions ? Visitez notre <a style=\"color: #ffa500 !important; text-decoration: underline !important;\" href=\"https:\/\/aietgb.com\/fr\/faqs\/\" target=\"_blank\" rel=\"noopener\"><b data-path-to-node=\"3,0\" data-index-in-node=\"32\">page FAQ principale<\/b><\/a> pour une liste compl\u00e8te de r\u00e9ponses, ou explorez nos pages de services individuelles pour des informations d\u00e9taill\u00e9es sur les flux de travail sp\u00e9cifiques et les d\u00e9lais garantis.[\/vc_column_text][\/vc_column][\/vc_row]<\/p>\n<\/div>","protected":false},"excerpt":{"rendered":"<p>[vc_row woodmart_css_id=\u00a0\u00bb6955a37ba2222&Prime; responsive_spacing=\u00a0\u00bbeyJwYXJhbV90eXBlIjoid29vZG1hcnRfcmVzcG9uc2l2ZV9zcGFjaW5nIiwic2VsZWN0b3JfaWQiOiI2OTU1YTM3YmEyMjIyIiwic2hvcnRjb2RlIjoidmNfcm93IiwiZGF0YSI6eyJ0YWJsZXQiOnt9LCJtb2JpbGUiOnt9fX0=\u00a0\u00bb mobile_bg_img_hidden=\u00a0\u00bbno\u00a0\u00bb tablet_bg_img_hidden=\u00a0\u00bbno\u00a0\u00bb woodmart_parallax=\u00a0\u00bb0&Prime; woodmart_gradient_switch=\u00a0\u00bbno\u00a0\u00bb woodmart_box_shadow=\u00a0\u00bbno\u00a0\u00bb wd_z_index=\u00a0\u00bbno\u00a0\u00bb woodmart_disable_overflow=\u00a0\u00bb0&Prime; row_reverse_mobile=\u00a0\u00bb0&Prime; row_reverse_tablet=\u00a0\u00bb0&Prime;][vc_column woodmart_css_id=\u00a0\u00bb6955b5e86e109&Prime; parallax_scroll=\u00a0\u00bbno\u00a0\u00bb woodmart_sticky_column=\u00a0\u00bbfalse\u00a0\u00bb wd_collapsible_content_switcher=\u00a0\u00bbno\u00a0\u00bb wd_column_role_offcanvas_desktop=\u00a0\u00bbno\u00a0\u00bb wd_column_role_offcanvas_tablet=\u00a0\u00bbno\u00a0\u00bb wd_column_role_offcanvas_mobile=\u00a0\u00bbno\u00a0\u00bb wd_column_role_content_desktop=\u00a0\u00bbno\u00a0\u00bb<\/p>\n","protected":false},"author":7,"featured_media":3246,"parent":0,"menu_order":0,"comment_status":"closed","ping_status":"closed","template":"","meta":{"_glsr_average":0,"_glsr_ranking":0,"_glsr_reviews":0,"footnotes":""},"class_list":["post-2290","page","type-page","status-publish","has-post-thumbnail","hentry"],"_links":{"self":[{"href":"https:\/\/aietgb.com\/fr\/wp-json\/wp\/v2\/pages\/2290","targetHints":{"allow":["GET"]}}],"collection":[{"href":"https:\/\/aietgb.com\/fr\/wp-json\/wp\/v2\/pages"}],"about":[{"href":"https:\/\/aietgb.com\/fr\/wp-json\/wp\/v2\/types\/page"}],"author":[{"embeddable":true,"href":"https:\/\/aietgb.com\/fr\/wp-json\/wp\/v2\/users\/7"}],"replies":[{"embeddable":true,"href":"https:\/\/aietgb.com\/fr\/wp-json\/wp\/v2\/comments?post=2290"}],"version-history":[{"count":0,"href":"https:\/\/aietgb.com\/fr\/wp-json\/wp\/v2\/pages\/2290\/revisions"}],"wp:featuredmedia":[{"embeddable":true,"href":"https:\/\/aietgb.com\/fr\/wp-json\/wp\/v2\/media\/3246"}],"wp:attachment":[{"href":"https:\/\/aietgb.com\/fr\/wp-json\/wp\/v2\/media?parent=2290"}],"curies":[{"name":"wp","href":"https:\/\/api.w.org\/{rel}","templated":true}]}}