{"id":2244,"date":"2025-09-11T06:54:20","date_gmt":"2025-09-11T10:54:20","guid":{"rendered":"https:\/\/aietgb.com\/politique-de-confidentialite\/"},"modified":"2026-01-06T19:27:22","modified_gmt":"2026-01-06T23:27:22","slug":"politique-de-confidentialite","status":"publish","type":"page","link":"https:\/\/aietgb.com\/fr\/politique-de-confidentialite\/","title":{"rendered":"Politique de confidentialit\u00e9"},"content":{"rendered":"<div class=\"wpb-content-wrapper\"><p>[vc_row css=\u00a0\u00bb.vc_custom_1742606454769{padding-top: 50px !important;padding-bottom: 0px !important;}\u00a0\u00bb woodmart_css_id=\u00a0\u00bb67de106d8bee5&Prime; responsive_spacing=\u00a0\u00bbeyJwYXJhbV90eXBlIjoid29vZG1hcnRfcmVzcG9uc2l2ZV9zcGFjaW5nIiwic2VsZWN0b3JfaWQiOiI2N2RlMTA2ZDhiZWU1Iiwic2hvcnRjb2RlIjoidmNfcm93IiwiZGF0YSI6eyJ0YWJsZXQiOnt9LCJtb2JpbGUiOnt9fX0=\u00a0\u00bb mobile_bg_img_hidden=\u00a0\u00bbno\u00a0\u00bb tablet_bg_img_hidden=\u00a0\u00bbno\u00a0\u00bb woodmart_parallax=\u00a0\u00bb0&Prime; woodmart_gradient_switch=\u00a0\u00bbno\u00a0\u00bb woodmart_box_shadow=\u00a0\u00bbno\u00a0\u00bb wd_z_index=\u00a0\u00bbno\u00a0\u00bb woodmart_disable_overflow=\u00a0\u00bb0&Prime; row_reverse_mobile=\u00a0\u00bb0&Prime; row_reverse_tablet=\u00a0\u00bb0&Prime;][vc_column][vc_custom_heading text=\u00a0\u00bbAI&amp;GB Consulting | Notre politique de confidentialit\u00e9\u00a0\u00bb font_container=\u00a0\u00bbtag:h2|font_size:60|text_align:left|color:%231E73BE\u00a0\u00bb use_theme_fonts=\u00a0\u00bbyes\u00a0\u00bb css=\u00a0\u00bb\u00a0\u00bb][vc_column_text css=\u00a0\u00bb\u00a0\u00bb woodmart_inline=\u00a0\u00bbno\u00a0\u00bb text_larger=\u00a0\u00bbno\u00a0\u00bb]Cette Politique de Confidentialit\u00e9 d\u00e9crit la mani\u00e8re dont <strong>AI&amp;GB Consulting LLC<\/strong> (\u00ab nous \u00bb) collecte, utilise et prot\u00e8ge les renseignements personnels que vous nous fournissez via notre site web. En utilisant nos services, vous consentez aux pratiques d\u00e9crites dans cette politique ainsi que dans nos <strong><a style=\"color: #ffa500 !important; text-decoration: underline !important;\" href=\"https:\/\/aietgb.com\/fr\/conditions-dutilisation\/\">Conditions d&rsquo;utilisation<\/a><\/strong>.[\/vc_column_text][\/vc_column][\/vc_row][vc_row][vc_column][vc_custom_heading text=\u00a0\u00bb1. Les informations que nous collectons\u00a0\u00bb font_container=\u00a0\u00bbtag:h4|font_size:30px|text_align:left|color:%23005FA2|line_height:40px\u00a0\u00bb use_theme_fonts=\u00a0\u00bbyes\u00a0\u00bb css=\u00a0\u00bb\u00a0\u00bb][vc_column_text css=\u00a0\u00bb\u00a0\u00bb woodmart_inline=\u00a0\u00bbno\u00a0\u00bb text_larger=\u00a0\u00bbno\u00a0\u00bb]Nous pouvons recueillir des informations personnelles que vous nous fournissez volontairement lorsque vous utilisez nos services. Ces informations peuvent comprendre<\/p>\n<ul>\n<li><strong>Informations de contact :<\/strong> Votre nom, votre adresse \u00e9lectronique, votre num\u00e9ro de t\u00e9l\u00e9phone et votre adresse postale.<\/li>\n<li><strong>D\u00e9tails du projet :<\/strong> Informations sur votre projet, y compris les documents, les ensembles de donn\u00e9es et les autres fichiers que vous soumettez \u00e0 nos services.<\/li>\n<li><strong>Informations sur le paiement :<\/strong> Nous ne conservons pas les donn\u00e9es de votre carte de cr\u00e9dit. Toutes les transactions de paiement sont trait\u00e9es en toute s\u00e9curit\u00e9 par l&rsquo;interm\u00e9diaire d&rsquo;une passerelle de paiement tierce.<\/li>\n<li><strong>Donn\u00e9es techniques :<\/strong> Nous pouvons collecter des informations non personnelles telles que votre adresse IP, votre type de navigateur et les donn\u00e9es d&rsquo;utilisation du site web afin d&rsquo;am\u00e9liorer nos services et votre exp\u00e9rience.<\/li>\n<\/ul>\n<p>[\/vc_column_text][\/vc_column][\/vc_row][vc_row][vc_column][vc_custom_heading text=\u00a0\u00bb2. Comment nous utilisons vos informations\u00a0\u00bb font_container=\u00a0\u00bbtag:h4|font_size:30px|text_align:left|color:%23005FA2|line_height:40px\u00a0\u00bb use_theme_fonts=\u00a0\u00bbyes\u00a0\u00bb css=\u00a0\u00bb\u00a0\u00bb][vc_column_text css=\u00a0\u00bb\u00a0\u00bb woodmart_inline=\u00a0\u00bbno\u00a0\u00bb text_larger=\u00a0\u00bbno\u00a0\u00bb]Nous utilisons les informations que nous recueillons aux fins suivantes :<\/p>\n<ul>\n<li>Pour fournir nos services et r\u00e9pondre \u00e0 vos demandes.<\/li>\n<li>Pour communiquer avec vous au sujet de vos projets et de nos services.<\/li>\n<li>Pour am\u00e9liorer la qualit\u00e9 de nos services et de notre site web.<\/li>\n<li>Pour assurer la s\u00e9curit\u00e9 et l&rsquo;int\u00e9grit\u00e9 de notre site web et de nos services.<\/li>\n<\/ul>\n<p>[\/vc_column_text][\/vc_column][\/vc_row][vc_row][vc_column][vc_custom_heading text=\u00a0\u00bb3. Protection des donn\u00e9es\u00a0\u00bb font_container=\u00a0\u00bbtag:h4|font_size:30px|text_align:left|color:%23005FA2|line_height:40px\u00a0\u00bb use_theme_fonts=\u00a0\u00bbyes\u00a0\u00bb css=\u00a0\u00bb\u00a0\u00bb][vc_column_text css=\u00a0\u00bb\u00a0\u00bb woodmart_inline=\u00a0\u00bbno\u00a0\u00bb text_larger=\u00a0\u00bbno\u00a0\u00bb]<\/p>\n<div style=\"color: black;\">\n<p><b>Nous nous engageons \u00e0 prot\u00e9ger vos renseignements personnels et utilisons des pratiques conformes aux normes de l&rsquo;industrie<\/b>. Ceci inclut l&rsquo;utilisation de la <b>technologie Secure Sockets Layer (SSL)<\/b> pour chiffrer toutes les donn\u00e9es transmises via notre site web.<\/p>\n<p>Pour en savoir plus sur les normes internationales de protection des donn\u00e9es, vous pouvez consulter la page officielle de la <a style=\"color: #ffa500 !important; text-decoration: underline !important; font-weight: bold;\" href=\"https:\/\/commission.europa.eu\/law\/law-topic\/data-protection_en\" target=\"_blank\" rel=\"noopener noreferrer\">Commission europ\u00e9enne sur la protection des donn\u00e9es<\/a>. Pour les politiques et recommandations du gouvernement des <a style=\"color: #ffa500 !important; text-decoration: underline !important; font-weight: bold;\" href=\"https:\/\/www.usa.gov\/privacy-security\" target=\"_blank\" rel=\"noopener noreferrer\">\u00c9tats\u2011Unis, consultez USA.gov \u2013 Politiques de confidentialit\u00e9 et de s\u00e9curit\u00e9<\/a>.<\/p>\n<p>Nous avons mis en place des mesures de s\u00e9curit\u00e9 techniques et organisationnelles robustes, incluant des contr\u00f4les d&rsquo;acc\u00e8s et des audits de s\u00e9curit\u00e9 r\u00e9guliers, pour prot\u00e9ger vos donn\u00e9es personnelles contre l&rsquo;acc\u00e8s, l&rsquo;alt\u00e9ration, la divulgation ou la destruction non autoris\u00e9s.<\/p>\n<p>Nous utilisons en outre un plugin de s\u00e9curit\u00e9 de qualit\u00e9 professionnelle et sauvegardons r\u00e9guli\u00e8rement vos donn\u00e9es afin de les prot\u00e9ger contre tout acc\u00e8s non autoris\u00e9 ou toute perte de donn\u00e9es. <b>Cependant, aucune m\u00e9thode de transmission sur Internet n&rsquo;est 100 % s\u00e9curis\u00e9e, et nous ne pouvons garantir une s\u00e9curit\u00e9 absolue.<\/b><\/p>\n<\/div>\n<p>[\/vc_column_text][\/vc_column][\/vc_row][vc_row][vc_column][vc_custom_heading text=\u00a0\u00bb4. Cookies\u00a0\u00bb font_container=\u00a0\u00bbtag:h4|font_size:30px|text_align:left|color:%23005FA2|line_height:40px\u00a0\u00bb use_theme_fonts=\u00a0\u00bbyes\u00a0\u00bb css=\u00a0\u00bb\u00a0\u00bb][vc_column_text css=\u00a0\u00bb\u00a0\u00bb woodmart_inline=\u00a0\u00bbno\u00a0\u00bb text_larger=\u00a0\u00bbno\u00a0\u00bb]Notre site web utilise des \u00ab <strong>cookies<\/strong> \u00bb pour am\u00e9liorer votre exp\u00e9rience utilisateur. Les cookies sont de petits fichiers de donn\u00e9es stock\u00e9s sur votre appareil qui nous aident \u00e0 m\u00e9moriser vos pr\u00e9f\u00e9rences et \u00e0 am\u00e9liorer la fonctionnalit\u00e9 du site web.<\/p>\n<p>Vous pouvez choisir de d\u00e9sactiver les cookies par le biais des param\u00e8tres de votre navigateur, mais cela peut affecter votre capacit\u00e9 \u00e0 utiliser certaines parties de notre site web.[\/vc_column_text][\/vc_column][\/vc_row][vc_row][vc_column][vc_custom_heading text=\u00a0\u00bb5. SERVICES TIERS\u00a0\u00bb font_container=\u00a0\u00bbtag:h4|font_size:30px|text_align:left|color:%23005FA2|line_height:40px\u00a0\u00bb use_theme_fonts=\u00a0\u00bbyes\u00a0\u00bb css=\u00a0\u00bb\u00a0\u00bb][vc_column_text css=\u00a0\u00bb\u00a0\u00bb woodmart_inline=\u00a0\u00bbno\u00a0\u00bb text_larger=\u00a0\u00bbno\u00a0\u00bb]<\/p>\n<div style=\"color: black;\">\n<p>Nous collaborons avec des prestataires de services tiers de confiance pour faciliter nos op\u00e9rations commerciales, y compris le traitement des paiements et l&rsquo;analyse.<\/p>\n<p>Ces tiers n&rsquo;ont qu&rsquo;un acc\u00e8s limit\u00e9 \u00e0 vos renseignements personnels pour effectuer des t\u00e2ches sp\u00e9cifiques en notre nom et sont tenus de ne pas les divulguer ni les utiliser \u00e0 d&rsquo;autres fins que celles pr\u00e9vues. Plus pr\u00e9cis\u00e9ment :<\/p>\n<ul style=\"list-style-type: none; padding-left: 0;\">\n<li style=\"margin-bottom: 10px;\">(a) <strong>Processeurs de paiement<\/strong> : Vos informations de paiement sont trait\u00e9es en toute s\u00e9curit\u00e9 par des passerelles de paiement tierces crypt\u00e9es telles que <a style=\"color: #ffa500 !important; text-decoration: underline !important; font-weight: bold;\" href=\"https:\/\/www.paypal.com\/fr\/home\" target=\"_blank\" rel=\"noopener noreferrer\">PayPal<\/a> et <a style=\"color: #ffa500 !important; text-decoration: underline !important; font-weight: bold;\" href=\"https:\/\/stripe.com\/fr\" target=\"_blank\" rel=\"noopener noreferrer\">Stripe<\/a>.<\/li>\n<li style=\"margin-bottom: 10px;\">(b) Services d\u2019analyse : Nous utilisons des outils tels que <a style=\"color: #ffa500 !important; text-decoration: underline !important; font-weight: bold;\" href=\"https:\/\/marketingplatform.google.com\/about\/analytics\/\" target=\"_blank\" rel=\"noopener noreferrer\">Google Analytics<\/a> ou <a style=\"color: #ffa500 !important; text-decoration: underline !important; font-weight: bold;\" href=\"https:\/\/clarity.microsoft.com\" target=\"_blank\" rel=\"noopener noreferrer\">Microsoft Clarity<\/a> pour comprendre le comportement des utilisateurs, qui suivent les adresses IP et les donn\u00e9es de navigation anonymis\u00e9es.<\/li>\n<\/ul>\n<p>Nous ne sommes pas responsables des pratiques de confidentialit\u00e9 ni du contenu de ces sites web tiers.<\/p>\n<\/div>\n<p>[\/vc_column_text][\/vc_column][\/vc_row][vc_row][vc_column][vc_custom_heading text=\u00a0\u00bb6. Vos droits\u00a0\u00bb font_container=\u00a0\u00bbtag:h4|font_size:30px|text_align:left|color:%23005FA2|line_height:40px\u00a0\u00bb use_theme_fonts=\u00a0\u00bbyes\u00a0\u00bb css=\u00a0\u00bb\u00a0\u00bb][vc_column_text css=\u00a0\u00bb\u00a0\u00bb woodmart_inline=\u00a0\u00bbno\u00a0\u00bb text_larger=\u00a0\u00bbno\u00a0\u00bb]Vous avez le droit d&rsquo;acc\u00e9der \u00e0 vos informations personnelles, de les mettre \u00e0 jour ou de demander leur suppression. Si vous avez des inqui\u00e9tudes concernant l&rsquo;utilisation de vos donn\u00e9es, veuillez <a style=\"color: #ffa500; font-weight: bold;\" href=\"https:\/\/aietgb.com\/fr\/contactez-nous\/\">nous contacter<\/a>.[\/vc_column_text][\/vc_column][\/vc_row][vc_row][vc_column][vc_custom_heading text=\u00a0\u00bb7. Modifications de la pr\u00e9sente politique\u00a0\u00bb font_container=\u00a0\u00bbtag:h4|font_size:30px|text_align:left|color:%23005FA2|line_height:40px\u00a0\u00bb use_theme_fonts=\u00a0\u00bbyes\u00a0\u00bb css=\u00a0\u00bb\u00a0\u00bb][vc_column_text css=\u00a0\u00bb\u00a0\u00bb woodmart_inline=\u00a0\u00bbno\u00a0\u00bb text_larger=\u00a0\u00bbno\u00a0\u00bb]Nous nous r\u00e9servons le droit de mettre \u00e0 jour cette politique de confidentialit\u00e9 \u00e0 tout moment. Nous publierons toute modification sur cette page et votre utilisation continue de notre site web constitue votre acceptation de la politique mise \u00e0 jour et de nos <strong><a style=\"color: #ffa500 !important; text-decoration: underline !important;\" href=\"https:\/\/aietgb.com\/fr\/conditions-dutilisation\/\">conditions d&rsquo;utilisation<\/a><\/strong>.[\/vc_column_text][\/vc_column][\/vc_row][vc_row][vc_column][vc_custom_heading text=\u00a0\u00bb8. NOUS CONTACTER\u00a0\u00bb font_container=\u00a0\u00bbtag:h4|font_size:30px|text_align:left|color:%23005FA2|line_height:40px\u00a0\u00bb use_theme_fonts=\u00a0\u00bbyes\u00a0\u00bb css=\u00a0\u00bb\u00a0\u00bb][vc_column_text css=\u00a0\u00bb\u00a0\u00bb woodmart_inline=\u00a0\u00bbno\u00a0\u00bb text_larger=\u00a0\u00bbno\u00a0\u00bb]Si vous avez des questions ou des pr\u00e9occupations concernant la pr\u00e9sente politique de confidentialit\u00e9, nos pratiques de collecte de donn\u00e9es ou notre gestion de vos informations personnelles, n\u2019h\u00e9sitez pas \u00e0 nous contacter. Nous sommes engag\u00e9s envers la transparence et d\u00e9di\u00e9s \u00e0 r\u00e9pondre \u00e0 toutes les demandes que vous pourriez avoir.<\/p>\n<p>Vous pouvez nous contacter directement en utilisant le <a style=\"color: #ffa500; font-weight: bold;\" href=\"https:\/\/aietgb.com\/fr\/contactez-nous\/\">formulaire de contact <\/a>sur notre site web. Nous visons \u00e0 r\u00e9pondre rapidement et compl\u00e8tement \u00e0 toutes les demandes l\u00e9gitimes. Your feedback and questions are valuable to us as we strive to maintain the highest standards of privacy and data protection.[\/vc_column_text][\/vc_column][\/vc_row]<\/p>\n<\/div>","protected":false},"excerpt":{"rendered":"<p>[vc_row css=\u00a0\u00bb.vc_custom_1742606454769{padding-top: 50px !important;padding-bottom: 0px !important;}\u00a0\u00bb woodmart_css_id=\u00a0\u00bb67de106d8bee5&Prime; responsive_spacing=\u00a0\u00bbeyJwYXJhbV90eXBlIjoid29vZG1hcnRfcmVzcG9uc2l2ZV9zcGFjaW5nIiwic2VsZWN0b3JfaWQiOiI2N2RlMTA2ZDhiZWU1Iiwic2hvcnRjb2RlIjoidmNfcm93IiwiZGF0YSI6eyJ0YWJsZXQiOnt9LCJtb2JpbGUiOnt9fX0=\u00a0\u00bb mobile_bg_img_hidden=\u00a0\u00bbno\u00a0\u00bb tablet_bg_img_hidden=\u00a0\u00bbno\u00a0\u00bb woodmart_parallax=\u00a0\u00bb0&Prime; woodmart_gradient_switch=\u00a0\u00bbno\u00a0\u00bb woodmart_box_shadow=\u00a0\u00bbno\u00a0\u00bb wd_z_index=\u00a0\u00bbno\u00a0\u00bb woodmart_disable_overflow=\u00a0\u00bb0&Prime; row_reverse_mobile=\u00a0\u00bb0&Prime; row_reverse_tablet=\u00a0\u00bb0&Prime;][vc_column][vc_custom_heading text=\u00a0\u00bbAI&amp;GB Consulting |<\/p>\n","protected":false},"author":7,"featured_media":3274,"parent":0,"menu_order":0,"comment_status":"closed","ping_status":"closed","template":"","meta":{"_glsr_average":0,"_glsr_ranking":0,"_glsr_reviews":0,"footnotes":""},"class_list":["post-2244","page","type-page","status-publish","has-post-thumbnail","hentry"],"_links":{"self":[{"href":"https:\/\/aietgb.com\/fr\/wp-json\/wp\/v2\/pages\/2244","targetHints":{"allow":["GET"]}}],"collection":[{"href":"https:\/\/aietgb.com\/fr\/wp-json\/wp\/v2\/pages"}],"about":[{"href":"https:\/\/aietgb.com\/fr\/wp-json\/wp\/v2\/types\/page"}],"author":[{"embeddable":true,"href":"https:\/\/aietgb.com\/fr\/wp-json\/wp\/v2\/users\/7"}],"replies":[{"embeddable":true,"href":"https:\/\/aietgb.com\/fr\/wp-json\/wp\/v2\/comments?post=2244"}],"version-history":[{"count":0,"href":"https:\/\/aietgb.com\/fr\/wp-json\/wp\/v2\/pages\/2244\/revisions"}],"wp:featuredmedia":[{"embeddable":true,"href":"https:\/\/aietgb.com\/fr\/wp-json\/wp\/v2\/media\/3274"}],"wp:attachment":[{"href":"https:\/\/aietgb.com\/fr\/wp-json\/wp\/v2\/media?parent=2244"}],"curies":[{"name":"wp","href":"https:\/\/api.w.org\/{rel}","templated":true}]}}